{"id":20,"date":"2020-05-06T08:59:32","date_gmt":"2020-05-06T08:59:32","guid":{"rendered":"https:\/\/vinos.testpilot.ch\/?page_id=20"},"modified":"2025-05-26T05:56:08","modified_gmt":"2025-05-26T05:56:08","slug":"kontakt","status":"publish","type":"page","link":"https:\/\/tschaepperliweine.ch\/en\/kontakt\/","title":{"rendered":"Contact"},"content":{"rendered":"<p><strong>Tsch\u00e4pperli Weine GmbH<\/strong><br \/>Im Tsch\u00e4pperli 92<br \/>CH-4147 Aesch<\/p>\n<p><strong>Opening hours:<\/strong><br \/>Saturday 9.30 &#8211; 12.00 or after arrangement by telephone<\/p>\n<p><strong>Management:<\/strong><br \/>Ulrich B\u00e4nninger-Zurfl\u00fch<br \/>T. +41 61 753 15 30\u00a0 Mobil 079 705 85 60<br \/><a href=\"mailto:ubaenninger@tschaepperliweine.ch\">ubaenninger@tschaepperliweine.ch<\/a><\/p>\n<p>Dieter von Blarer<br \/>T. +41 79 352 46 06<br \/><a href=\"mailto:dvonblarer@tschaepperliweine.ch\">dvonblarer@tschaepperliweine.ch<\/a><\/p>\n<p>\u00a0<\/p>","protected":false},"excerpt":{"rendered":"<p>Tsch\u00e4pperli Weine GmbHIm Tsch\u00e4pperli 92CH-4147 Aesch Opening hours:Saturday 9.30 &#8211; 12.00 or after arrangement by telephone Management:Ulrich B\u00e4nninger-Zurfl\u00fchT. +41 61&hellip;<\/p>\n","protected":false},"author":5,"featured_media":0,"parent":0,"menu_order":0,"comment_status":"closed","ping_status":"closed","template":"","meta":{"_custom_body_class":"facts","_custom_post_class":"","ngg_post_thumbnail":0,"footnotes":""},"class_list":["post-20","page","type-page","status-publish","hentry"],"translation":{"provider":"WPGlobus","version":"3.0.1","language":"en","enabled_languages":["de","en"],"languages":{"de":{"title":true,"content":true,"excerpt":false},"en":{"title":true,"content":true,"excerpt":false}}},"_links":{"self":[{"href":"https:\/\/tschaepperliweine.ch\/en\/wp-json\/wp\/v2\/pages\/20","targetHints":{"allow":["GET"]}}],"collection":[{"href":"https:\/\/tschaepperliweine.ch\/en\/wp-json\/wp\/v2\/pages"}],"about":[{"href":"https:\/\/tschaepperliweine.ch\/en\/wp-json\/wp\/v2\/types\/page"}],"author":[{"embeddable":true,"href":"https:\/\/tschaepperliweine.ch\/en\/wp-json\/wp\/v2\/users\/5"}],"replies":[{"embeddable":true,"href":"https:\/\/tschaepperliweine.ch\/en\/wp-json\/wp\/v2\/comments?post=20"}],"version-history":[{"count":43,"href":"https:\/\/tschaepperliweine.ch\/en\/wp-json\/wp\/v2\/pages\/20\/revisions"}],"predecessor-version":[{"id":3154,"href":"https:\/\/tschaepperliweine.ch\/en\/wp-json\/wp\/v2\/pages\/20\/revisions\/3154"}],"wp:attachment":[{"href":"https:\/\/tschaepperliweine.ch\/en\/wp-json\/wp\/v2\/media?parent=20"}],"curies":[{"name":"wp","href":"https:\/\/api.w.org\/{rel}","templated":true}]}}