{"id":3,"date":"2020-05-06T08:46:19","date_gmt":"2020-05-06T08:46:19","guid":{"rendered":"https:\/\/vinos.testpilot.ch\/?page_id=3"},"modified":"2020-08-13T09:33:40","modified_gmt":"2020-08-13T09:33:40","slug":"privacy-policy","status":"publish","type":"page","link":"https:\/\/tschaepperliweine.ch\/en\/privacy-policy\/","title":{"rendered":"Datenschutzerkl\u00e4rung"},"content":{"rendered":"<p>Der verantwortungsvolle Umgang mit personenbezogenen Daten ist uns ein grosses Anliegen. Wir halten uns an das <a href=\"https:\/\/www.admin.ch\/opc\/de\/classified-compilation\/19920153\/index.html\">Bundesgesetz \u00fcber den Datenschutz<\/a> und erf\u00fcllen die Anforderungen der per 25. Mai 2018 in Kraft getretenen <a href=\"https:\/\/dsgvo-gesetz.de\/\">EU-Datenschutzverordnung (DS-GVO)<\/a>. Tsch\u00e4pperliweine informiert im Folgenden transparent und wahrheitsgem\u00e4ss \u00fcber die Sammlung und Nutzung personenbezogener Daten. \u00c4nderungen werden umgehend an dieser Stelle kommuniziert.<\/p><p><br><strong>Allgemein: Personenbezogene Daten<\/strong><br>Damit unsere Angebote zielgerichtet und relevant sind sowie effizient genutzt werden k\u00f6nnen, ist es erforderlich, bestimmte Daten zu erheben. Personen, die sich f\u00fcr Tsch\u00e4pperliweine interessieren und zum Beispiel regelm\u00e4ssig Informationen erhalten m\u00f6chten, \u00fcbergeben uns personenbezogene Daten. Diese werden mit dem bestehenden Adressstamm abgeglichen und elektronisch gespeichert. Sie werden ausschliesslich f\u00fcr die Zwecke von Tsch\u00e4pperliweine verwendet. Zur Kontaktpflege kann es erforderlich sein, Ausz\u00fcge dieser Daten an einen von uns beauftragten Dienstleister (z.B. eine Druckerei) weiterzugeben. Diese unterstehen dem Datenschutzgesetz und d\u00fcrfen gem\u00e4ss Vereinbarung die Daten weder anderweitig nutzen noch weitergeben. Davon abgesehen werden von Tsch\u00e4pperliweine keine personenbezogenen Daten an Dritte gegeben oder vermarktet.<\/p><p><br><strong>Postversand<\/strong><br>Wer uns eine Postadresse mitteilt, kann in regelm\u00e4ssigen Abst\u00e4nden per Post \u00fcber aktuelle Themen informiert werden, ausser dies wird ausdr\u00fccklich nicht gew\u00fcnscht.<\/p><p><br><strong>Elektronischer Versand: E-Mails und Newsletter<\/strong><br>Wer uns eine E-Mail-Adresse mitteilt, kann Informationen (wie z. B. Zahlungsbest\u00e4tigungen, Veranstaltungshinweise) per E-Mail erhalten. Der regelm\u00e4ssige Versand von Informationen, insbesondere von Newslettern und Veranstaltungshinweisen, erfolgt an Personen, die in unserem Datenstamm gespeichert sind. Falls sie unsere Informationen nicht mehr erhalten wollen, teilen sie uns das bitte mit: <a href=\"mailto:info@tschaepperliweine.ch\">info@tschaepperliweine.ch<\/a><\/p><p><br><strong>Zahlungen<\/strong><br>Tsch\u00e4pperliweine behandelt Zahlungsdaten jeglicher Art \u00e4usserst vertraulich. Die Tsch\u00e4pperliweine anvertrauten Kreditkartendaten werden verschl\u00fcsselt an einen externen, von der Kreditkartenindustrie (PCI DSS) zertifizierten Partner (<a href=\"https:\/\/www.payrexx.com\/\">payrexx<\/a>) \u00fcbermittelt. Sie werden nicht durch Tsch\u00e4pperliweine selbst gespeichert oder ausgewertet.<\/p><p><strong><br>Nutzung von Cookies auf der Website<\/strong><br>Beim Besuch der Website von Tsch\u00e4pperliweine registriert der Webserver standardm\u00e4ssig unpers\u00f6nliche Nutzungsdaten. Diese Daten geben Auskunft \u00fcber aufgerufene Seiten und Dateien, IP-Adresse des anfordernden Computers, Zeitpunkt und Dauer des Besuchs, Betriebssystem und Browsertyp. F\u00fcr die Erfassung und Auswertung nutzt Tsch\u00e4pperliweine die Webanalyse-Tools Google-Analytics und Matomo (ehemals Piwik).<br>\u2022 Google bietet ein im Browser zu installierendes Plugin, um die Trackingm\u00f6glichkeiten von Google Analytics abzuschalten.<br>\u2022 Matomo l\u00e4sst sich ebenfalls deaktivieren.<br><\/p><p>Auf tschaepperliweine.ch werden Cookies eingesetzt. Dies sind kleine Textdateien, die beim Aufruf auf den benutzten Ger\u00e4ten gespeichert werden, um unpers\u00f6nliche Nutzungsdaten auszuwerten oder wiederkehrende Besuche zu erkennen (z.B. Sprachauswahl, Besuche bestimmter Seiten). Tschaepperliweine.ch verwendet sowohl Session-Cookies, die nach Ablauf der Sitzung verfallen, als auch permanente Cookies, die erst nach einer bestimmten Zeitdauer oder bei einer manuellen L\u00f6schung verfallen. Ganz allgemein k\u00f6nnen Cookies in den Browser-Einstellungen jederzeit gel\u00f6scht und deaktiviert werden.<br>Tsch\u00e4pperliweine informiert \u00fcberdies alle Erstbesucher\/innen der Website mit einem Cookie-Banner \u00fcber deren Verwendung.<\/p><p><br><strong>Externe Links und Funktionen von Drittanbietern<\/strong><br>Tsch\u00e4pperliweine hat weder einen Einfluss auf externe Inhalte, auf die wir verweisen, noch auf die Einhaltung von Datenschutzbestimmungen durch Drittanbieter, deren Funktionen auf unseren Websites eingebunden sind. Diesbez\u00fcglich m\u00f6chten wir insbesondere auf die Datenschutzrichtlinien folgender Drittanbieter hinweisen: <a href=\"https:\/\/de-de.facebook.com\/about\/privacy\">Facebook Inc.<\/a> und <a href=\"https:\/\/twitter.com\/de\/privacy\">Twitter Inc.<\/a><br><\/p><p><br><strong>Recht auf Auskunft<\/strong><br>Wir geben Ihnen gerne schriftlich Auskunft \u00fcber Ihre gespeicherten Angaben und berichtigen bzw. l\u00f6schen diese auf Wunsch. Wenden Sie sich dazu per E-Mail an <a href=\"mailto:info@tschaepperliweine.ch\">info@tschaepperliweine.ch.<\/a><\/p><p><br><strong>Einverst\u00e4ndniserkl\u00e4rung<\/strong><br>Durch die Nutzung der zuvor genannten Angebote von tschaepperliweine.ch erkl\u00e4ren Sie sich mit der Bearbeitung der \u00fcber Sie erhobenen Daten in der beschriebenen Art und Weise und zu den benannten Zwecken einverstanden. F\u00fcr weitere Fragen und Ausk\u00fcnfte zur Datenschutzrichtlinie steht humanrights.ch gerne zur Verf\u00fcgung:<br>Tsch\u00e4pperliweine GmbH, im Tsch\u00e4pperli, Postfach 634, 4147 Aesch, +41 61 753 15 30<br>e-mail: <a href=\"mailto:info@tschaepperliweine.ch\">info@tschaepperliweine.ch<\/a><\/p><p><\/p>","protected":false},"excerpt":{"rendered":"<p>Der verantwortungsvolle Umgang mit personenbezogenen Daten ist uns ein grosses Anliegen. Wir halten uns an das Bundesgesetz \u00fcber den Datenschutz&hellip;<\/p>\n","protected":false},"author":1,"featured_media":0,"parent":0,"menu_order":0,"comment_status":"closed","ping_status":"open","template":"","meta":{"_custom_body_class":"","_custom_post_class":"","ngg_post_thumbnail":0,"footnotes":""},"class_list":["post-3","page","type-page","status-publish","hentry"],"translation":{"provider":"WPGlobus","version":"3.0.1","language":"en","enabled_languages":["de","en"],"languages":{"de":{"title":true,"content":true,"excerpt":false},"en":{"title":false,"content":false,"excerpt":false}}},"_links":{"self":[{"href":"https:\/\/tschaepperliweine.ch\/en\/wp-json\/wp\/v2\/pages\/3","targetHints":{"allow":["GET"]}}],"collection":[{"href":"https:\/\/tschaepperliweine.ch\/en\/wp-json\/wp\/v2\/pages"}],"about":[{"href":"https:\/\/tschaepperliweine.ch\/en\/wp-json\/wp\/v2\/types\/page"}],"author":[{"embeddable":true,"href":"https:\/\/tschaepperliweine.ch\/en\/wp-json\/wp\/v2\/users\/1"}],"replies":[{"embeddable":true,"href":"https:\/\/tschaepperliweine.ch\/en\/wp-json\/wp\/v2\/comments?post=3"}],"version-history":[{"count":15,"href":"https:\/\/tschaepperliweine.ch\/en\/wp-json\/wp\/v2\/pages\/3\/revisions"}],"predecessor-version":[{"id":427,"href":"https:\/\/tschaepperliweine.ch\/en\/wp-json\/wp\/v2\/pages\/3\/revisions\/427"}],"wp:attachment":[{"href":"https:\/\/tschaepperliweine.ch\/en\/wp-json\/wp\/v2\/media?parent=3"}],"curies":[{"name":"wp","href":"https:\/\/api.w.org\/{rel}","templated":true}]}}