{"id":3048,"date":"2025-01-28T10:02:52","date_gmt":"2025-01-28T10:02:52","guid":{"rendered":"https:\/\/tschaepperliweine.ch\/?page_id=3048"},"modified":"2025-07-11T12:56:30","modified_gmt":"2025-07-11T12:56:30","slug":"jobs","status":"publish","type":"page","link":"https:\/\/tschaepperliweine.ch\/en\/jobs\/","title":{"rendered":"Jobs"},"content":{"rendered":"<div class=\"wp-block-columns is-layout-flex wp-container-core-columns-is-layout-9d6595d7 wp-block-columns-is-layout-flex\"><div class=\"wp-block-column is-layout-flow wp-block-column-is-layout-flow\"><p><\/p>\n\n<p><strong>Wir suchen Winzerin\/Winzer (80 -100%)<\/strong><\/p>\n\n<p><strong>Ihre Aufgaben<\/strong><\/p>\n\n<ul class=\"wp-block-list\"><li>Sie unterst\u00fctzen den Betriebsleiter vor allem bei der Arbeit im Keller<\/li>\n\n<li>Sie engagieren sich im Rebberg und der Umsetzung unserer naturnahen Betriebsstrategie<\/li><\/ul>\n\n<p><strong>Ihr Profil<\/strong><\/p>\n\n<ul class=\"wp-block-list\"><li>Ausbildung als Winzer\/in oder mehrj\u00e4hrige Erfahrung im \u00f6kologischen oder integrierten Weinbau<\/li>\n\n<li>Teamf\u00e4higkeit, Flexibilit\u00e4t und k\u00f6rperliche Belastbarkeit<\/li><\/ul>\n\n<p><strong>Wir bieten<\/strong><\/p>\n\n<ul class=\"wp-block-list\"><li>Eine verantwortungsvolle, vielseitige T\u00e4tigkeit in einem zukunftsorientierten Betrieb<\/li>\n\n<li>Mitarbeit in einem engagierten Team mit flachen Hierarchien<\/li>\n\n<li>Moderne Kellertechnik kombiniert mit traditioneller, naturnaher Bewirtschaftung<\/li><\/ul>\n\n<p><strong>Arbeitsort &amp; Rahmen<\/strong><\/p>\n\n<ul class=\"wp-block-list\"><li>Besch\u00e4ftigungsgrad: 80\u2013100\u202f% (flexibel nach Absprache)<\/li>\n\n<li>Eintritt: nach Vereinbarung<\/li><\/ul>\n\n<hr class=\"wp-block-separator has-alpha-channel-opacity\" \/>\n\n<p><strong>Bewerbung<\/strong><\/p>\n\n<p>Bitte senden Sie Ihre vollst\u00e4ndigen Bewerbungsunterlagen (Motivationsschreiben, Lebenslauf etc.) per E-Mail an&nbsp;<a href=\"mailto:info@tschaepperliweine.ch\"><strong>info@tschaepperliweine.ch<\/strong><\/a>&nbsp;oder kontaktieren Sie uns telefonisch unter&nbsp;<strong>+41<\/strong><strong>\u202f<\/strong><strong>61<\/strong><strong>\u202f<\/strong><strong>753<\/strong><strong>\u202f<\/strong><strong>15<\/strong><strong>\u202f<\/strong><strong>30<\/strong>&nbsp;f\u00fcr erste Fragen.<\/p>\n\n<p><\/p><\/div>\n\n<div class=\"wp-block-column is-layout-flow wp-block-column-is-layout-flow\"><figure class=\"wp-block-image size-full\"><img loading=\"lazy\" decoding=\"async\" width=\"1000\" height=\"667\" src=\"https:\/\/tschaepperliweine.ch\/wp-content\/uploads\/2020\/09\/gallery02.png\" alt=\"\" class=\"wp-image-482\" srcset=\"https:\/\/tschaepperliweine.ch\/wp-content\/uploads\/2020\/09\/gallery02.png 1000w, https:\/\/tschaepperliweine.ch\/wp-content\/uploads\/2020\/09\/gallery02-350x233.png 350w, https:\/\/tschaepperliweine.ch\/wp-content\/uploads\/2020\/09\/gallery02-300x200.png 300w, https:\/\/tschaepperliweine.ch\/wp-content\/uploads\/2020\/09\/gallery02-768x512.png 768w\" sizes=\"auto, (max-width: 1000px) 100vw, 1000px\" \/><\/figure><\/div><\/div>","protected":false},"excerpt":{"rendered":"<p>Wir suchen Winzerin\/Winzer (80 -100%) Ihre Aufgaben Ihr Profil Wir bieten Arbeitsort &amp; Rahmen Bewerbung Bitte senden Sie Ihre vollst\u00e4ndigen&hellip;<\/p>\n","protected":false},"author":1,"featured_media":0,"parent":0,"menu_order":0,"comment_status":"closed","ping_status":"closed","template":"","meta":{"_custom_body_class":"","_custom_post_class":"","ngg_post_thumbnail":0,"footnotes":""},"class_list":["post-3048","page","type-page","status-publish","hentry"],"translation":{"provider":"WPGlobus","version":"3.0.1","language":"en","enabled_languages":["de","en"],"languages":{"de":{"title":true,"content":true,"excerpt":false},"en":{"title":false,"content":false,"excerpt":false}}},"_links":{"self":[{"href":"https:\/\/tschaepperliweine.ch\/en\/wp-json\/wp\/v2\/pages\/3048","targetHints":{"allow":["GET"]}}],"collection":[{"href":"https:\/\/tschaepperliweine.ch\/en\/wp-json\/wp\/v2\/pages"}],"about":[{"href":"https:\/\/tschaepperliweine.ch\/en\/wp-json\/wp\/v2\/types\/page"}],"author":[{"embeddable":true,"href":"https:\/\/tschaepperliweine.ch\/en\/wp-json\/wp\/v2\/users\/1"}],"replies":[{"embeddable":true,"href":"https:\/\/tschaepperliweine.ch\/en\/wp-json\/wp\/v2\/comments?post=3048"}],"version-history":[{"count":5,"href":"https:\/\/tschaepperliweine.ch\/en\/wp-json\/wp\/v2\/pages\/3048\/revisions"}],"predecessor-version":[{"id":3177,"href":"https:\/\/tschaepperliweine.ch\/en\/wp-json\/wp\/v2\/pages\/3048\/revisions\/3177"}],"wp:attachment":[{"href":"https:\/\/tschaepperliweine.ch\/en\/wp-json\/wp\/v2\/media?parent=3048"}],"curies":[{"name":"wp","href":"https:\/\/api.w.org\/{rel}","templated":true}]}}