{"id":3109,"date":"2025-04-15T15:26:45","date_gmt":"2025-04-15T15:26:45","guid":{"rendered":"https:\/\/tschaepperliweine.ch\/?page_id=3109"},"modified":"2025-05-06T07:34:02","modified_gmt":"2025-05-06T07:34:02","slug":"foundation","status":"publish","type":"page","link":"https:\/\/tschaepperliweine.ch\/en\/weingut\/foundation\/","title":{"rendered":"Foundation"},"content":{"rendered":"<div class=\"wp-block-columns is-layout-flex wp-container-core-columns-is-layout-9d6595d7 wp-block-columns-is-layout-flex\"><div class=\"wp-block-column is-layout-flow wp-block-column-is-layout-flow\" style=\"flex-basis:66.66%\"><p><strong>Burg Tsch\u00e4pperli Foundation &#8211; Tsch\u00e4pperli belongs to itself<\/strong><br>This was the idea that marked the starting point of our considerations. The land in Tsch\u00e4pperli has been owned by the Blarer family (Blarer von Wartensee) for over 400 years, except for an interruption following the occupation of the diocese of Basel by Napoleonic troops and the associated expropriation. Even after the return of certain estates in the course of the Restoration, a varied (management) <a href=\"https:\/\/tschaepperliweine.ch\/en\/weingut\/geschichte\/\" data-type=\"page\" data-id=\"31\">history<\/a> followed.<br>This was occasionally characterized by financial hardships and tensions within the family.<\/p><\/div>\n\n<div class=\"wp-block-column is-layout-flow wp-block-column-is-layout-flow\" style=\"flex-basis:33.33%\"><figure class=\"wp-block-image size-full\"><img loading=\"lazy\" decoding=\"async\" width=\"306\" height=\"240\" src=\"https:\/\/tschaepperliweine.ch\/wp-content\/uploads\/2025\/05\/STIFTUNG-LOGO.jpeg\" alt=\"\" class=\"wp-image-3140\" srcset=\"https:\/\/tschaepperliweine.ch\/wp-content\/uploads\/2025\/05\/STIFTUNG-LOGO.jpeg 306w, https:\/\/tschaepperliweine.ch\/wp-content\/uploads\/2025\/05\/STIFTUNG-LOGO-300x235.jpeg 300w\" sizes=\"auto, (max-width: 306px) 100vw, 306px\" \/><\/figure><\/div><\/div><p>In 1988, Dieter von Blarer was able to lease Tsch\u00e4pperli from his aunt Marianne and his father Christoph. In 1990, Dieter and Steffi bought Tsch\u00e4pperli and became the first sole owners after approximately 180 years.<\/p><p>In order to separate the expanding business operations &#8211; with today 5.5 ha of self-managed vines and the pressing of a further 10 ha of vines as a service &#8211; from the land and buildings, we founded Tsch\u00e4pperliweine GmbH in 2013 together with Ueli and Barbara B\u00e4nninger-Zurfl\u00fch, the couple that manages the agricultural side of the business. The land and buildings are leased to the GmbH.<\/p><p>The owners were faced with the question of the future of the land and buildings. In a lengthy process, we came to the conclusion: A foundation is the best solution to ensure continuity and to keep discord or even speculation away from Tsch\u00e4pperli. The idea behind this is that Tsch\u00e4pperli belongs to itself. This gives Tsch\u00e4pperli its own legal personality.<\/p><p><\/p><p>The foundation promotes viticulture with natural production methods as well as biodiversity in the immediate and wider area in collaboration with other landowners and the municipalities of Aesch and Pfeffingen. The foundation is a nonprofit organization.<br><br>The Board of Trustees consists of the manager of the agricultural operations, a representative of Annemarie and Christoph von Blarer-B\u00f6sch&#8217;s descendants and one other person. The Board of Trustees must always include at least one woman.<br><br>The Board of Trustees currently consists of<br>Steffi Wirth (chairperson)<br>Ulrich B\u00e4nninger Zurfl\u00fch (member of the board)<br>Dieter von Blarer (member of the board)<br>In March 2025<\/p><p><\/p>","protected":false},"excerpt":{"rendered":"<p>Burg Tsch\u00e4pperli Foundation &#8211; Tsch\u00e4pperli belongs to itselfThis was the idea that marked the starting point of our considerations. The&hellip;<\/p>\n","protected":false},"author":1,"featured_media":0,"parent":14,"menu_order":0,"comment_status":"closed","ping_status":"closed","template":"","meta":{"_custom_body_class":"","_custom_post_class":"","ngg_post_thumbnail":0,"footnotes":""},"class_list":["post-3109","page","type-page","status-publish","hentry"],"translation":{"provider":"WPGlobus","version":"3.0.1","language":"en","enabled_languages":["de","en"],"languages":{"de":{"title":true,"content":true,"excerpt":false},"en":{"title":true,"content":true,"excerpt":false}}},"_links":{"self":[{"href":"https:\/\/tschaepperliweine.ch\/en\/wp-json\/wp\/v2\/pages\/3109","targetHints":{"allow":["GET"]}}],"collection":[{"href":"https:\/\/tschaepperliweine.ch\/en\/wp-json\/wp\/v2\/pages"}],"about":[{"href":"https:\/\/tschaepperliweine.ch\/en\/wp-json\/wp\/v2\/types\/page"}],"author":[{"embeddable":true,"href":"https:\/\/tschaepperliweine.ch\/en\/wp-json\/wp\/v2\/users\/1"}],"replies":[{"embeddable":true,"href":"https:\/\/tschaepperliweine.ch\/en\/wp-json\/wp\/v2\/comments?post=3109"}],"version-history":[{"count":17,"href":"https:\/\/tschaepperliweine.ch\/en\/wp-json\/wp\/v2\/pages\/3109\/revisions"}],"predecessor-version":[{"id":3147,"href":"https:\/\/tschaepperliweine.ch\/en\/wp-json\/wp\/v2\/pages\/3109\/revisions\/3147"}],"up":[{"embeddable":true,"href":"https:\/\/tschaepperliweine.ch\/en\/wp-json\/wp\/v2\/pages\/14"}],"wp:attachment":[{"href":"https:\/\/tschaepperliweine.ch\/en\/wp-json\/wp\/v2\/media?parent=3109"}],"curies":[{"name":"wp","href":"https:\/\/api.w.org\/{rel}","templated":true}]}}