{"id":3255,"date":"2025-11-06T14:44:14","date_gmt":"2025-11-06T14:44:14","guid":{"rendered":"https:\/\/tschaepperliweine.ch\/?page_id=3255"},"modified":"2025-11-06T15:23:38","modified_gmt":"2025-11-06T15:23:38","slug":"praemierungen","status":"publish","type":"page","link":"https:\/\/tschaepperliweine.ch\/en\/weingut\/praemierungen\/","title":{"rendered":"Awards"},"content":{"rendered":"<p><strong>Folgende Weine wurden bei \u201eVINEA Grand prix du Vin Suisse\u201c 2025 pr\u00e4miert:<\/strong><\/p><p><strong>GOLD<\/strong> <a href=\"https:\/\/tschaepperliweine.ch\/shop\/muscaris-piwi-12-x-50cl\/\">Tsch\u00e4pperli Muscaris Strohwein 2023<\/a><br><strong>SILBER<\/strong> <a href=\"https:\/\/tschaepperliweine.ch\/shop\/cabernet-blanc-sauvignac-piwi-6-x-75cl\/\">Tsch\u00e4pperli Cabernet blanc \/ Sauvignac 2023<\/a><br><strong>SILBER<\/strong> <a href=\"https:\/\/tschaepperliweine.ch\/shop\/pinot-noir-2019-6-x-75cl\/\">Tsch\u00e4pperli Pinot Noir 2023<\/a><br><strong>SILBER<\/strong> <a href=\"https:\/\/tschaepperliweine.ch\/shop\/hommage-2018-6-x-75cl\/\">Tsch\u00e4pperli Pinot Noir Hommage 2023<\/a><br><strong>SILBER<\/strong> <a href=\"https:\/\/tschaepperliweine.ch\/shop\/cabernet-blanc-strohwein-37-5-cl\/\">Tsch\u00e4pperli Cabernet blanc Strohwein 2023<\/a><\/p><p><a href=\"https:\/\/www.vinea.ch\/de\/\">www.vinea.ch<\/a><\/p><div style=\"height:40px\" aria-hidden=\"true\" class=\"wp-block-spacer\"><\/div><p><strong>Folgende Weine wurden bei \u201eLa S\u00e9lection\u201c 2025 pr\u00e4miert:<\/strong><\/p><p><strong>SILBER<\/strong> Tsch\u00e4pperli Cabernet blanc \/ Sauvignac 2024<br><strong>SILBER<\/strong> Tsch\u00e4pperli Riesling-Sylvaner 2024<br><strong>SILBER<\/strong> <a href=\"https:\/\/tschaepperliweine.ch\/shop\/pinot-noir-auslese-2018-75cl\/\">Tsch\u00e4pperli Pinot Noir Rainli 1. Lage 2023<\/a><br><strong>SILBER<\/strong> <a href=\"https:\/\/tschaepperliweine.ch\/shop\/hommage-2018-6-x-75cl\/\">Tsch\u00e4pperli Pinot Noir Hommage 2023<\/a><br><strong>SILBER<\/strong> <a href=\"https:\/\/tschaepperliweine.ch\/shop\/cabernet-blanc-strohwein-37-5-cl\/\">Tsch\u00e4pperli Strohwein Cabernet blanc 2023<\/a><\/p><p><a href=\"https:\/\/laselection.ch\/de\/startseite\">www.laselection.ch<\/a><\/p><p><\/p>","protected":false},"excerpt":{"rendered":"<p>Folgende Weine wurden bei \u201eVINEA Grand prix du Vin Suisse\u201c 2025 pr\u00e4miert: GOLD Tsch\u00e4pperli Muscaris Strohwein 2023SILBER Tsch\u00e4pperli Cabernet blanc&hellip;<\/p>\n","protected":false},"author":1,"featured_media":0,"parent":14,"menu_order":0,"comment_status":"closed","ping_status":"closed","template":"","meta":{"_custom_body_class":"facts","_custom_post_class":"","ngg_post_thumbnail":0,"footnotes":""},"class_list":["post-3255","page","type-page","status-publish","hentry"],"translation":{"provider":"WPGlobus","version":"3.0.1","language":"en","enabled_languages":["de","en"],"languages":{"de":{"title":true,"content":true,"excerpt":false},"en":{"title":true,"content":false,"excerpt":false}}},"_links":{"self":[{"href":"https:\/\/tschaepperliweine.ch\/en\/wp-json\/wp\/v2\/pages\/3255","targetHints":{"allow":["GET"]}}],"collection":[{"href":"https:\/\/tschaepperliweine.ch\/en\/wp-json\/wp\/v2\/pages"}],"about":[{"href":"https:\/\/tschaepperliweine.ch\/en\/wp-json\/wp\/v2\/types\/page"}],"author":[{"embeddable":true,"href":"https:\/\/tschaepperliweine.ch\/en\/wp-json\/wp\/v2\/users\/1"}],"replies":[{"embeddable":true,"href":"https:\/\/tschaepperliweine.ch\/en\/wp-json\/wp\/v2\/comments?post=3255"}],"version-history":[{"count":14,"href":"https:\/\/tschaepperliweine.ch\/en\/wp-json\/wp\/v2\/pages\/3255\/revisions"}],"predecessor-version":[{"id":3274,"href":"https:\/\/tschaepperliweine.ch\/en\/wp-json\/wp\/v2\/pages\/3255\/revisions\/3274"}],"up":[{"embeddable":true,"href":"https:\/\/tschaepperliweine.ch\/en\/wp-json\/wp\/v2\/pages\/14"}],"wp:attachment":[{"href":"https:\/\/tschaepperliweine.ch\/en\/wp-json\/wp\/v2\/media?parent=3255"}],"curies":[{"name":"wp","href":"https:\/\/api.w.org\/{rel}","templated":true}]}}