{"id":33,"date":"2020-05-06T09:06:08","date_gmt":"2020-05-06T09:06:08","guid":{"rendered":"https:\/\/vinos.testpilot.ch\/?page_id=33"},"modified":"2026-04-13T04:56:30","modified_gmt":"2026-04-13T04:56:30","slug":"weinbrief","status":"publish","type":"page","link":"https:\/\/tschaepperliweine.ch\/en\/weingut\/weinbrief\/","title":{"rendered":"Tsch\u00e4pperli Wine Year 2025"},"content":{"rendered":"<p><\/p><p>Dear Friends of Tsch\u00e4pperli Wines<\/p><p>The 2024\/25 winter was mild; in fact, too mild. Although there were thirty centimeters of snow on the ground on November 20, 2024, it quickly melted in the ensuing warm weather. Springtime temperatures were in line with the long-term average. The summer was warm and pleasant. We were spared from severe thunderstorms and hail. The autumn saw changeable weather, making the harvest challenging. The final quarter of the year saw a lot of precipitation. In fact, precipitation in 2025 was approximately 40% above average.<\/p><p>Overall, the 2025 growing season was good. Despite weather conditions that were at times conducive to fungal diseases, we were able to keep the vines healthy thanks to careful monitoring. We required five fewer pesticide applications than in 2024. The grapes began to ripen at the end of July\u2014about 10 days earlier than usual.&nbsp; September 3 marked the first day of harvest with Riesling and Sylvaner, and the harvest was completed on October 13 with Syrah. Organizing the harvest was challenging due to the changeable weather. Sunny days and heavy rainfall made planning difficult.<br>However, the grapes we harvested were of very fine quality, and in a quantity that was average for the last 10 years. The wines that are developing in the cellar show a lot of promise; it will be a vintage of very fruity, harmonious wines that reflect the 2025 growing season in both power and elegance.<\/p><p>The photovoltaic system, which had been planned for some time, was finally put into operation in the spring of 2025. The accompanying battery allows us to achieve a high degree of energy self-sufficiency.<\/p><p>In 2025, we continued to participate in various initiatives to protect and promote biodiversity at Tsch\u00e4pperli and in the Klus vineyard overall. In the future, we will use goats to combat the invasive blackberries that are overgrowing the Tsch\u00e4pperli ruins. Blackberries are a delicacy for goats.<\/p><p>We have expanded the diversity of our grape varieties over the past few years. You will now find a pure Cabertin (red fungus-resistant variety) in our selection. For the first time, we have pressed an orange wine\u2014white wine fermented on the skins\u2014from the Sauvignac (white fungus-resistant variety).<br>We look forward to seeing you at our tastings and events in 2026 (https:\/\/tschaepperliweine.ch\/agenda\/).<\/p><p>Tsch\u00e4pperli, March 2026&nbsp;<br><br>Ueli and Barbara B\u00e4nninger-Zurfl\u00fch&nbsp;&nbsp;&nbsp; &nbsp;&nbsp;&nbsp;<br>Damian von Blarer<br>Steffi Wirth and Dieter von Blarer&nbsp;<\/p><p><\/p>","protected":false},"excerpt":{"rendered":"<p>Dear Friends of Tsch\u00e4pperli Wines The 2024\/25 winter was mild; in fact, too mild. Although there were thirty centimeters of&hellip;<\/p>\n","protected":false},"author":5,"featured_media":0,"parent":14,"menu_order":0,"comment_status":"closed","ping_status":"closed","template":"","meta":{"_custom_body_class":"","_custom_post_class":"","ngg_post_thumbnail":0,"footnotes":""},"class_list":["post-33","page","type-page","status-publish","hentry"],"translation":{"provider":"WPGlobus","version":"3.0.1","language":"en","enabled_languages":["de","en"],"languages":{"de":{"title":true,"content":true,"excerpt":false},"en":{"title":true,"content":true,"excerpt":false}}},"_links":{"self":[{"href":"https:\/\/tschaepperliweine.ch\/en\/wp-json\/wp\/v2\/pages\/33","targetHints":{"allow":["GET"]}}],"collection":[{"href":"https:\/\/tschaepperliweine.ch\/en\/wp-json\/wp\/v2\/pages"}],"about":[{"href":"https:\/\/tschaepperliweine.ch\/en\/wp-json\/wp\/v2\/types\/page"}],"author":[{"embeddable":true,"href":"https:\/\/tschaepperliweine.ch\/en\/wp-json\/wp\/v2\/users\/5"}],"replies":[{"embeddable":true,"href":"https:\/\/tschaepperliweine.ch\/en\/wp-json\/wp\/v2\/comments?post=33"}],"version-history":[{"count":64,"href":"https:\/\/tschaepperliweine.ch\/en\/wp-json\/wp\/v2\/pages\/33\/revisions"}],"predecessor-version":[{"id":3462,"href":"https:\/\/tschaepperliweine.ch\/en\/wp-json\/wp\/v2\/pages\/33\/revisions\/3462"}],"up":[{"embeddable":true,"href":"https:\/\/tschaepperliweine.ch\/en\/wp-json\/wp\/v2\/pages\/14"}],"wp:attachment":[{"href":"https:\/\/tschaepperliweine.ch\/en\/wp-json\/wp\/v2\/media?parent=33"}],"curies":[{"name":"wp","href":"https:\/\/api.w.org\/{rel}","templated":true}]}}