{"id":569,"date":"2020-10-12T12:08:53","date_gmt":"2020-10-12T12:08:53","guid":{"rendered":"https:\/\/tschaepperli.cyon.site\/?page_id=569"},"modified":"2024-05-13T13:09:18","modified_gmt":"2024-05-13T13:09:18","slug":"biodiversitaet","status":"publish","type":"page","link":"https:\/\/tschaepperliweine.ch\/en\/weingut\/biodiversitaet\/","title":{"rendered":"Deutsch"},"content":{"rendered":"<div class=\"wp-block-columns is-layout-flex wp-container-core-columns-is-layout-9d6595d7 wp-block-columns-is-layout-flex\"><div class=\"wp-block-column is-layout-flow wp-block-column-is-layout-flow\"><figure class=\"wp-block-image size-full is-style-default\"><img loading=\"lazy\" decoding=\"async\" width=\"1200\" height=\"900\" src=\"https:\/\/tschaepperliweine.ch\/wp-content\/uploads\/2024\/05\/Baenningers_Vititroph_222.jpg\" alt=\"Vititroph\u00e9 2023\" class=\"wp-image-2760\" srcset=\"https:\/\/tschaepperliweine.ch\/wp-content\/uploads\/2024\/05\/Baenningers_Vititroph_222.jpg 1200w, https:\/\/tschaepperliweine.ch\/wp-content\/uploads\/2024\/05\/Baenningers_Vititroph_222-300x225.jpg 300w, https:\/\/tschaepperliweine.ch\/wp-content\/uploads\/2024\/05\/Baenningers_Vititroph_222-1024x768.jpg 1024w, https:\/\/tschaepperliweine.ch\/wp-content\/uploads\/2024\/05\/Baenningers_Vititroph_222-768x576.jpg 768w, https:\/\/tschaepperliweine.ch\/wp-content\/uploads\/2024\/05\/Baenningers_Vititroph_222-350x263.jpg 350w\" sizes=\"auto, (max-width: 1200px) 100vw, 1200px\" \/><\/figure><\/div>\n\n<div class=\"wp-block-column is-layout-flow wp-block-column-is-layout-flow\"><p><\/p><\/div><\/div><div class=\"wp-block-group is-nowrap is-layout-flex wp-container-core-group-is-layout-ad2f72ca wp-block-group-is-layout-flex\"><div class=\"wp-block-columns is-layout-flex wp-container-core-columns-is-layout-9d6595d7 wp-block-columns-is-layout-flex\"><div class=\"wp-block-column is-layout-flow wp-block-column-is-layout-flow\"><p class=\"has-text-align-left\"><strong><strong>Das Tsch\u00e4pperli wird mit der Vititroph\u00e9 2023 ausgezeichnet!<\/strong><\/strong><\/p>\n\n<p class=\"has-text-align-left\">Die Vititroph\u00e9 ist eine Auszeichnung f\u00fcr Rebbaubetriebe, die sich durch eine besonders hohe Artenvielfalt sowie durch die Umsetzung von gezielten Massnahmen zur Steigerung der Biodiversit\u00e4t von anderen Betrieben abheben. Das Tsch\u00e4pperli \u00fcberzeugt die Jury aus ExpertInnen der Organisationen ECOVIN (Petra Neuber),&nbsp; NABU S\u00fcdbaden (Bernd Uhlmann und Sarah Adelmann), BioGrandEst (Cl\u00e9ment Lamy) und FIBL (Linn\u00e9a Hauenstein) mit der hohen Diversit\u00e4t an einheimischen Pflanzen, Insekten und Kleintieren, welche im Tsch\u00e4pperli zuhause sind.<\/p>\n\n<p><\/p><\/div><\/div><\/div><div style=\"height:60px\" aria-hidden=\"true\" class=\"wp-block-spacer\"><\/div><div class=\"wp-block-columns is-layout-flex wp-container-core-columns-is-layout-9d6595d7 wp-block-columns-is-layout-flex\"><div class=\"wp-block-column is-layout-flow wp-block-column-is-layout-flow\"><p><strong>Weinbau, \u00d6kologie, Biodiversit\u00e4t und Landschaftsbild<\/strong><\/p>\n\n<p>\u00dcber Jahrhunderte wurde die Klus und das Tsch\u00e4pperli durch den Rebbau und die Weinproduktion gepr\u00e4gt. Diese \u00fcber mehrere Epochen entstandene, einzigartige Kulturlandschaft pflegen und erhalten wir auch heute noch.&nbsp; Unsere Reben und deren Umgebung werden naturnah -bewirtschaftet. Im Tsch\u00e4pperli pflegen wir deshalb nicht nur die 3,9 Hektaren Rebfl\u00e4che, sondern auch 15,5 Hektaren Wald sowie 3,5 Hektaren Weide. Die Umgebung mit hoher Biodiversit\u00e4t bildet das Fundament unserer Weine. Die Erhaltung und F\u00f6rderung unterschiedlicher Tier- und Pflanzenarten sind f\u00fcr uns eine Grundvoraussetzung f\u00fcr die Produktion qualitativ hochstehender und bek\u00f6mmlicher Weine.<\/p><\/div>\n\n<div class=\"wp-block-column is-layout-flow wp-block-column-is-layout-flow\"><figure class=\"wp-block-image size-large\"><img loading=\"lazy\" decoding=\"async\" width=\"1024\" height=\"768\" src=\"https:\/\/tschaepperliweine.ch\/wp-content\/uploads\/2021\/04\/ueberblick-Tschaepperli-1024x768.jpg\" alt=\"Blick auf den Rebberg im Tsch\u00e4pperli, Herbst 2020\" class=\"wp-image-1310\"\/><figcaption class=\"wp-element-caption\">Blick auf den Rebberg im Tsch\u00e4pperli, Herbst 2020<\/figcaption><\/figure><\/div><\/div><div style=\"height:60px\" aria-hidden=\"true\" class=\"wp-block-spacer\"><\/div><div class=\"wp-block-columns is-layout-flex wp-container-core-columns-is-layout-9d6595d7 wp-block-columns-is-layout-flex\"><div class=\"wp-block-column is-layout-flow wp-block-column-is-layout-flow\"><p><strong>Wie wir unseren Rebberg pflegen<\/strong><\/p>\n\n<p>Nach ersten Versuchen in den 1960er Jahren, ist der Rebberg im Tsch\u00e4pperli seit den 1970er Jahren komplett begr\u00fcnt. Als Pioniere der Integrierten Produktion im Weinbau (IP-Suisse) besch\u00e4ftigten wir uns seit 1988 mit Methoden, um den Einsatz von Pflanzenschutzmittel zu reduzieren. Seit \u00fcber 20 Jahren verzichten wir bewusst auf den Einsatz von Kunstd\u00fcnger, Herbiziden und chemisch-synthetischer Insektizide.<\/p>\n\n<p>Die Bem\u00fchungen zeigen Fr\u00fcchte, was uns besonders freut: Dank der langj\u00e4hrigen, nachhaltigen Bewirtschaftung wachsen \u00fcber 50 verschiedene Pflanzenarten in unserem Rebberg. 25 Aren wurden mit dem Label \u201eRebberg mit hoher nat\u00fcrlicher Artenvielfalt\u201c gew\u00fcrdigt, was im Kanton Baselland einzigartig ist. Die hohe Artenvielfalt zeigt sich unter anderem auch an seltenen Vogelarten, wie dem Neunt\u00f6ter, die das Tsch\u00e4pperli als Brutplatz aussuchen.<\/p><\/div>\n\n<div class=\"wp-block-column is-layout-flow wp-block-column-is-layout-flow\"><div class=\"wp-block-image is-resized is-style-default\"><figure class=\"alignleft size-full\"><img loading=\"lazy\" decoding=\"async\" width=\"512\" height=\"341\" src=\"https:\/\/tschaepperliweine.ch\/wp-content\/uploads\/2021\/04\/Biodiv_Hecke_Blumen.jpeg\" alt=\"In der Krautsaumhecke bl\u00fchen einheimische Pflanzen\" class=\"wp-image-1319\" srcset=\"https:\/\/tschaepperliweine.ch\/wp-content\/uploads\/2021\/04\/Biodiv_Hecke_Blumen.jpeg 512w, https:\/\/tschaepperliweine.ch\/wp-content\/uploads\/2021\/04\/Biodiv_Hecke_Blumen-300x200.jpeg 300w, https:\/\/tschaepperliweine.ch\/wp-content\/uploads\/2021\/04\/Biodiv_Hecke_Blumen-350x233.jpeg 350w\" sizes=\"auto, (max-width: 512px) 100vw, 512px\" \/><figcaption class=\"wp-element-caption\">In der Krautsaumhecke bl\u00fchen einheimische Pflanzen<\/figcaption><\/figure><\/div><\/div><\/div><div style=\"height:60px\" aria-hidden=\"true\" class=\"wp-block-spacer\"><\/div><div class=\"wp-block-columns is-layout-flex wp-container-core-columns-is-layout-9d6595d7 wp-block-columns-is-layout-flex\"><div class=\"wp-block-column is-layout-flow wp-block-column-is-layout-flow\"><p><strong>Wie wir die Umgebung gestalten und pflegen<\/strong><\/p>\n\n<p>Die F\u00f6rderung der Artenvielfalt steht im Zentrum der Landschaftspflege. Wir machen Felsb\u00e4nder frei, um f\u00fcr Reptilien und w\u00e4rmeliebende Pflanzen Platz zu schaffen. Der \u00dcbergang von Rebfl\u00e4che zu Wald wird mit einer Krautsaumhecke gestaltet. Dort bl\u00fchen einheimische Pflanzen, die den Insekten wichtige Nahrung bieten. Mit Baum- und Buschstrukturen sowie Hecken, Steinen und Asthaufen errichten wir gezielt Unterschlupf f\u00fcr V\u00f6gel, Reptilien, Insekten und Kleins\u00e4ugetiere. Auch unsere schottischen Hochlandrinder leisten ihren Beitrag zur Landschaftspflege: Beim Weiden arbeiten sie Pflanzensamen in den Boden ein.<\/p>\n\n<p>In den bis zu 2,5 Meter hohen Natursteinmauern leben und \u00fcberwintern Feuersalamander, Mauereidechsen und Blindschleichen. Die Natursteinmauern sind auch eine Kinderstube f\u00fcr Wildbienen sowie Versteck f\u00fcr weitere Insekten und Spinnentiere, die wiederum Nahrungsquelle f\u00fcr V\u00f6gel, Igel und Nagetiere sind. So entsteht ein Mosaik aus unterschiedlichsten Strukturen, eine wichtige Voraussetzung f\u00fcr hohe Artenvielfalt.<\/p><\/div>\n\n<div class=\"wp-block-column is-layout-flow wp-block-column-is-layout-flow\"><figure class=\"wp-block-image size-large\"><img loading=\"lazy\" decoding=\"async\" width=\"683\" height=\"1024\" src=\"https:\/\/tschaepperliweine.ch\/wp-content\/uploads\/2024\/05\/Vititrophe_Bild2_222-683x1024.jpg\" alt=\"\" class=\"wp-image-2761\" srcset=\"https:\/\/tschaepperliweine.ch\/wp-content\/uploads\/2024\/05\/Vititrophe_Bild2_222-683x1024.jpg 683w, https:\/\/tschaepperliweine.ch\/wp-content\/uploads\/2024\/05\/Vititrophe_Bild2_222-200x300.jpg 200w, https:\/\/tschaepperliweine.ch\/wp-content\/uploads\/2024\/05\/Vititrophe_Bild2_222-768x1152.jpg 768w, https:\/\/tschaepperliweine.ch\/wp-content\/uploads\/2024\/05\/Vititrophe_Bild2_222-350x525.jpg 350w, https:\/\/tschaepperliweine.ch\/wp-content\/uploads\/2024\/05\/Vititrophe_Bild2_222.jpg 1000w\" sizes=\"auto, (max-width: 683px) 100vw, 683px\" \/><\/figure><\/div><\/div><div style=\"height:60px\" aria-hidden=\"true\" class=\"wp-block-spacer\"><\/div><div class=\"wp-block-columns is-layout-flex wp-container-core-columns-is-layout-9d6595d7 wp-block-columns-is-layout-flex\"><div class=\"wp-block-column is-layout-flow wp-block-column-is-layout-flow\"><figure class=\"wp-block-image size-large\"><img loading=\"lazy\" decoding=\"async\" width=\"1024\" height=\"683\" src=\"https:\/\/tschaepperliweine.ch\/wp-content\/uploads\/2024\/05\/Vititrophe_Bild3_222-1024x683.jpg\" alt=\"\" class=\"wp-image-2762\" srcset=\"https:\/\/tschaepperliweine.ch\/wp-content\/uploads\/2024\/05\/Vititrophe_Bild3_222-1024x683.jpg 1024w, https:\/\/tschaepperliweine.ch\/wp-content\/uploads\/2024\/05\/Vititrophe_Bild3_222-300x200.jpg 300w, https:\/\/tschaepperliweine.ch\/wp-content\/uploads\/2024\/05\/Vititrophe_Bild3_222-768x512.jpg 768w, https:\/\/tschaepperliweine.ch\/wp-content\/uploads\/2024\/05\/Vititrophe_Bild3_222-350x233.jpg 350w, https:\/\/tschaepperliweine.ch\/wp-content\/uploads\/2024\/05\/Vititrophe_Bild3_222.jpg 1200w\" sizes=\"auto, (max-width: 1024px) 100vw, 1024px\" \/><\/figure><\/div>\n\n<div class=\"wp-block-column is-layout-flow wp-block-column-is-layout-flow\"><p> <strong>Biolabel \u201eKnospe\u201c<\/strong><\/p>\n\n<p>Mit der Zertifizierung Biolabel \u201eKnospe\u201c verpflichten wir uns dem nachhaltigen, biologischen Weinbau nach den Richtlinien von <a href=\"https:\/\/www.bio-suisse.ch\/\" target=\"_blank\" rel=\"noreferrer noopener\">BioSuisse<\/a>. Wir verzichten auf den Einsatz chemisch-synthetischer Stoffe, um unsere Arbeit im Bereich des biologischen Rebbaus und der F\u00f6rderung der Biodiversit\u00e4t in der Landschaft auch in Zukunft weiterzuentwickeln.<\/p><\/div><\/div><p><\/p>","protected":false},"excerpt":{"rendered":"<p>Das Tsch\u00e4pperli wird mit der Vititroph\u00e9 2023 ausgezeichnet! Die Vititroph\u00e9 ist eine Auszeichnung f\u00fcr Rebbaubetriebe, die sich durch eine besonders&hellip;<\/p>\n","protected":false},"author":5,"featured_media":0,"parent":14,"menu_order":0,"comment_status":"closed","ping_status":"closed","template":"","meta":{"_custom_body_class":"","_custom_post_class":"","ngg_post_thumbnail":0,"footnotes":""},"class_list":["post-569","page","type-page","status-publish","hentry"],"translation":{"provider":"WPGlobus","version":"3.0.1","language":"en","enabled_languages":["de","en"],"languages":{"de":{"title":true,"content":true,"excerpt":false},"en":{"title":true,"content":false,"excerpt":false}}},"_links":{"self":[{"href":"https:\/\/tschaepperliweine.ch\/en\/wp-json\/wp\/v2\/pages\/569","targetHints":{"allow":["GET"]}}],"collection":[{"href":"https:\/\/tschaepperliweine.ch\/en\/wp-json\/wp\/v2\/pages"}],"about":[{"href":"https:\/\/tschaepperliweine.ch\/en\/wp-json\/wp\/v2\/types\/page"}],"author":[{"embeddable":true,"href":"https:\/\/tschaepperliweine.ch\/en\/wp-json\/wp\/v2\/users\/5"}],"replies":[{"embeddable":true,"href":"https:\/\/tschaepperliweine.ch\/en\/wp-json\/wp\/v2\/comments?post=569"}],"version-history":[{"count":156,"href":"https:\/\/tschaepperliweine.ch\/en\/wp-json\/wp\/v2\/pages\/569\/revisions"}],"predecessor-version":[{"id":2843,"href":"https:\/\/tschaepperliweine.ch\/en\/wp-json\/wp\/v2\/pages\/569\/revisions\/2843"}],"up":[{"embeddable":true,"href":"https:\/\/tschaepperliweine.ch\/en\/wp-json\/wp\/v2\/pages\/14"}],"wp:attachment":[{"href":"https:\/\/tschaepperliweine.ch\/en\/wp-json\/wp\/v2\/media?parent=569"}],"curies":[{"name":"wp","href":"https:\/\/api.w.org\/{rel}","templated":true}]}}